{"id":106,"date":"2023-04-25T07:22:04","date_gmt":"2023-04-25T06:22:04","guid":{"rendered":"https:\/\/akupunkturpraxis-dorisarn.ch\/?page_id=106"},"modified":"2023-05-08T11:44:05","modified_gmt":"2023-05-08T10:44:05","slug":"diverse-behandlungen","status":"publish","type":"page","link":"https:\/\/akupunkturpraxis-dorisarn.ch\/?page_id=106","title":{"rendered":"Diverse Behandlungen"},"content":{"rendered":"\n<div style=\"height:40px\" aria-hidden=\"true\" class=\"wp-block-spacer\"><\/div>\n\n\n\n<h4 class=\"wp-block-heading has-text-align-center\">Diverse Behandlungen<\/h4>\n\n\n\n<div class=\"wp-block-columns is-layout-flex wp-container-core-columns-is-layout-28f84493 wp-block-columns-is-layout-flex\">\n<div class=\"wp-block-column is-layout-flow wp-block-column-is-layout-flow\">\n<figure class=\"wp-block-image aligncenter size-large\"><img loading=\"lazy\" decoding=\"async\" width=\"367\" height=\"270\" src=\"https:\/\/akupunkturpraxis-dorisarn.ch\/wp-content\/uploads\/2023\/04\/8.jpg\" alt=\"\" class=\"wp-image-145\" srcset=\"https:\/\/akupunkturpraxis-dorisarn.ch\/wp-content\/uploads\/2023\/04\/8.jpg 367w, https:\/\/akupunkturpraxis-dorisarn.ch\/wp-content\/uploads\/2023\/04\/8-300x221.jpg 300w\" sizes=\"auto, (max-width: 367px) 100vw, 367px\" \/><\/figure>\n<\/div>\n\n\n\n<div class=\"wp-block-column is-layout-flow wp-block-column-is-layout-flow\">\n<figure class=\"wp-block-image size-large is-resized\"><img loading=\"lazy\" decoding=\"async\" src=\"https:\/\/akupunkturpraxis-dorisarn.ch\/wp-content\/uploads\/2023\/04\/7.jpg\" alt=\"\" class=\"wp-image-144\" width=\"366\" height=\"270\" srcset=\"https:\/\/akupunkturpraxis-dorisarn.ch\/wp-content\/uploads\/2023\/04\/7.jpg 366w, https:\/\/akupunkturpraxis-dorisarn.ch\/wp-content\/uploads\/2023\/04\/7-300x221.jpg 300w\" sizes=\"auto, (max-width: 366px) 100vw, 366px\" \/><\/figure>\n<\/div>\n<\/div>\n\n\n\n<p class=\"has-text-align-center\">Zur Verst\u00e4rkung und Unterst\u00fctzung der Behandlung wird die Ern\u00e4hrung gem\u00e4ss Traditioneller Chinesischer Medizin miteinbezogen.<\/p>\n\n\n\n<div class=\"wp-block-columns is-layout-flex wp-container-core-columns-is-layout-28f84493 wp-block-columns-is-layout-flex\">\n<div class=\"wp-block-column is-layout-flow wp-block-column-is-layout-flow\">\n<figure class=\"wp-block-image aligncenter size-large is-resized\"><img loading=\"lazy\" decoding=\"async\" src=\"https:\/\/akupunkturpraxis-dorisarn.ch\/wp-content\/uploads\/2023\/05\/Qigong-1-neu-597x1024.jpg\" alt=\"\" class=\"wp-image-354\" width=\"306\" height=\"525\" srcset=\"https:\/\/akupunkturpraxis-dorisarn.ch\/wp-content\/uploads\/2023\/05\/Qigong-1-neu-597x1024.jpg 597w, https:\/\/akupunkturpraxis-dorisarn.ch\/wp-content\/uploads\/2023\/05\/Qigong-1-neu-175x300.jpg 175w, https:\/\/akupunkturpraxis-dorisarn.ch\/wp-content\/uploads\/2023\/05\/Qigong-1-neu-768x1317.jpg 768w, https:\/\/akupunkturpraxis-dorisarn.ch\/wp-content\/uploads\/2023\/05\/Qigong-1-neu-896x1536.jpg 896w, https:\/\/akupunkturpraxis-dorisarn.ch\/wp-content\/uploads\/2023\/05\/Qigong-1-neu-1194x2048.jpg 1194w, https:\/\/akupunkturpraxis-dorisarn.ch\/wp-content\/uploads\/2023\/05\/Qigong-1-neu-scaled.jpg 1493w\" sizes=\"auto, (max-width: 306px) 100vw, 306px\" \/><\/figure>\n<\/div>\n\n\n\n<div class=\"wp-block-column is-layout-flow wp-block-column-is-layout-flow\">\n<figure class=\"wp-block-image size-large is-resized\"><img loading=\"lazy\" decoding=\"async\" src=\"https:\/\/akupunkturpraxis-dorisarn.ch\/wp-content\/uploads\/2023\/05\/Qigong-2-neu-673x1024.jpg\" alt=\"\" class=\"wp-image-355\" width=\"344\" height=\"523\" srcset=\"https:\/\/akupunkturpraxis-dorisarn.ch\/wp-content\/uploads\/2023\/05\/Qigong-2-neu-673x1024.jpg 673w, https:\/\/akupunkturpraxis-dorisarn.ch\/wp-content\/uploads\/2023\/05\/Qigong-2-neu-197x300.jpg 197w, https:\/\/akupunkturpraxis-dorisarn.ch\/wp-content\/uploads\/2023\/05\/Qigong-2-neu-768x1169.jpg 768w, https:\/\/akupunkturpraxis-dorisarn.ch\/wp-content\/uploads\/2023\/05\/Qigong-2-neu-1009x1536.jpg 1009w, https:\/\/akupunkturpraxis-dorisarn.ch\/wp-content\/uploads\/2023\/05\/Qigong-2-neu.jpg 1091w\" sizes=\"auto, (max-width: 344px) 100vw, 344px\" \/><\/figure>\n<\/div>\n<\/div>\n\n\n\n<p class=\"has-text-align-center\">Zur Entspannung und St\u00e4rkung von K\u00f6rper \u2013 Seele \u2013 Geist k\u00f6nnen Qi Gong \u00dcbungen eingesetzt werden.<\/p>\n\n\n\n<p class=\"has-text-align-center\">Empfehlung bei: Immunschw\u00e4che, Asthma, Ersch\u00f6pfung, schweren Erkrankungen.<\/p>\n\n\n\n<div class=\"wp-block-columns is-layout-flex wp-container-core-columns-is-layout-28f84493 wp-block-columns-is-layout-flex\">\n<div class=\"wp-block-column is-layout-flow wp-block-column-is-layout-flow\">\n<figure class=\"wp-block-image aligncenter size-full is-resized\"><img loading=\"lazy\" decoding=\"async\" src=\"https:\/\/akupunkturpraxis-dorisarn.ch\/wp-content\/uploads\/2023\/05\/Hafer-neu.jpg\" alt=\"\" class=\"wp-image-395\" width=\"362\" height=\"264\" srcset=\"https:\/\/akupunkturpraxis-dorisarn.ch\/wp-content\/uploads\/2023\/05\/Hafer-neu.jpg 1024w, https:\/\/akupunkturpraxis-dorisarn.ch\/wp-content\/uploads\/2023\/05\/Hafer-neu-300x219.jpg 300w, https:\/\/akupunkturpraxis-dorisarn.ch\/wp-content\/uploads\/2023\/05\/Hafer-neu-768x560.jpg 768w\" sizes=\"auto, (max-width: 362px) 100vw, 362px\" \/><\/figure>\n<\/div>\n\n\n\n<div class=\"wp-block-column is-layout-flow wp-block-column-is-layout-flow\">\n<figure class=\"wp-block-image size-large is-resized\"><img loading=\"lazy\" decoding=\"async\" src=\"https:\/\/akupunkturpraxis-dorisarn.ch\/wp-content\/uploads\/2023\/05\/Pilze-neu-1024x663.jpg\" alt=\"\" class=\"wp-image-396\" width=\"407\" height=\"263\" srcset=\"https:\/\/akupunkturpraxis-dorisarn.ch\/wp-content\/uploads\/2023\/05\/Pilze-neu-1024x663.jpg 1024w, https:\/\/akupunkturpraxis-dorisarn.ch\/wp-content\/uploads\/2023\/05\/Pilze-neu-300x194.jpg 300w, https:\/\/akupunkturpraxis-dorisarn.ch\/wp-content\/uploads\/2023\/05\/Pilze-neu-768x497.jpg 768w, https:\/\/akupunkturpraxis-dorisarn.ch\/wp-content\/uploads\/2023\/05\/Pilze-neu-1536x994.jpg 1536w, https:\/\/akupunkturpraxis-dorisarn.ch\/wp-content\/uploads\/2023\/05\/Pilze-neu-2048x1325.jpg 2048w\" sizes=\"auto, (max-width: 407px) 100vw, 407px\" \/><\/figure>\n<\/div>\n<\/div>\n\n\n\n<p class=\"has-text-align-center\">Pflanzliche Urtinkturen (Ceres) und Vitalpilze zur St\u00e4rkung und als Begleittherapie bei Ersch\u00f6pfung, bei Belastungssituationen und bei schweren Erkrankungen.<\/p>\n","protected":false},"excerpt":{"rendered":"<p>Diverse Behandlungen Zur Verst\u00e4rkung und Unterst\u00fctzung der Behandlung wird die Ern\u00e4hrung gem\u00e4ss Traditioneller Chinesischer Medizin miteinbezogen. Zur Entspannung und St\u00e4rkung von K\u00f6rper \u2013 Seele \u2013 Geist k\u00f6nnen Qi Gong \u00dcbungen eingesetzt werden. Empfehlung bei: Immunschw\u00e4che, Asthma, Ersch\u00f6pfung, schweren Erkrankungen. Pflanzliche Urtinkturen (Ceres) und Vitalpilze zur St\u00e4rkung und als Begleittherapie bei Ersch\u00f6pfung, bei Belastungssituationen und bei [&hellip;]<\/p>\n","protected":false},"author":1,"featured_media":0,"parent":0,"menu_order":0,"comment_status":"closed","ping_status":"closed","template":"","meta":{"site-sidebar-layout":"default","site-content-layout":"","ast-site-content-layout":"","site-content-style":"default","site-sidebar-style":"default","ast-global-header-display":"","ast-banner-title-visibility":"","ast-main-header-display":"","ast-hfb-above-header-display":"","ast-hfb-below-header-display":"","ast-hfb-mobile-header-display":"","site-post-title":"disabled","ast-breadcrumbs-content":"","ast-featured-img":"","footer-sml-layout":"","theme-transparent-header-meta":"","adv-header-id-meta":"","stick-header-meta":"","header-above-stick-meta":"","header-main-stick-meta":"","header-below-stick-meta":"","astra-migrate-meta-layouts":"default","ast-page-background-enabled":"default","ast-page-background-meta":{"desktop":{"background-color":"var(--ast-global-color-4)","background-image":"","background-repeat":"repeat","background-position":"center center","background-size":"auto","background-attachment":"scroll","background-type":"","background-media":"","overlay-type":"","overlay-color":"","overlay-opacity":"","overlay-gradient":""},"tablet":{"background-color":"","background-image":"","background-repeat":"repeat","background-position":"center center","background-size":"auto","background-attachment":"scroll","background-type":"","background-media":"","overlay-type":"","overlay-color":"","overlay-opacity":"","overlay-gradient":""},"mobile":{"background-color":"","background-image":"","background-repeat":"repeat","background-position":"center center","background-size":"auto","background-attachment":"scroll","background-type":"","background-media":"","overlay-type":"","overlay-color":"","overlay-opacity":"","overlay-gradient":""}},"ast-content-background-meta":{"desktop":{"background-color":"var(--ast-global-color-5)","background-image":"","background-repeat":"repeat","background-position":"center center","background-size":"auto","background-attachment":"scroll","background-type":"","background-media":"","overlay-type":"","overlay-color":"","overlay-opacity":"","overlay-gradient":""},"tablet":{"background-color":"var(--ast-global-color-5)","background-image":"","background-repeat":"repeat","background-position":"center center","background-size":"auto","background-attachment":"scroll","background-type":"","background-media":"","overlay-type":"","overlay-color":"","overlay-opacity":"","overlay-gradient":""},"mobile":{"background-color":"var(--ast-global-color-5)","background-image":"","background-repeat":"repeat","background-position":"center center","background-size":"auto","background-attachment":"scroll","background-type":"","background-media":"","overlay-type":"","overlay-color":"","overlay-opacity":"","overlay-gradient":""}},"footnotes":""},"class_list":["post-106","page","type-page","status-publish","hentry"],"_links":{"self":[{"href":"https:\/\/akupunkturpraxis-dorisarn.ch\/index.php?rest_route=\/wp\/v2\/pages\/106","targetHints":{"allow":["GET"]}}],"collection":[{"href":"https:\/\/akupunkturpraxis-dorisarn.ch\/index.php?rest_route=\/wp\/v2\/pages"}],"about":[{"href":"https:\/\/akupunkturpraxis-dorisarn.ch\/index.php?rest_route=\/wp\/v2\/types\/page"}],"author":[{"embeddable":true,"href":"https:\/\/akupunkturpraxis-dorisarn.ch\/index.php?rest_route=\/wp\/v2\/users\/1"}],"replies":[{"embeddable":true,"href":"https:\/\/akupunkturpraxis-dorisarn.ch\/index.php?rest_route=%2Fwp%2Fv2%2Fcomments&post=106"}],"version-history":[{"count":26,"href":"https:\/\/akupunkturpraxis-dorisarn.ch\/index.php?rest_route=\/wp\/v2\/pages\/106\/revisions"}],"predecessor-version":[{"id":576,"href":"https:\/\/akupunkturpraxis-dorisarn.ch\/index.php?rest_route=\/wp\/v2\/pages\/106\/revisions\/576"}],"wp:attachment":[{"href":"https:\/\/akupunkturpraxis-dorisarn.ch\/index.php?rest_route=%2Fwp%2Fv2%2Fmedia&parent=106"}],"curies":[{"name":"wp","href":"https:\/\/api.w.org\/{rel}","templated":true}]}}