{"id":81,"date":"2023-04-25T07:05:15","date_gmt":"2023-04-25T06:05:15","guid":{"rendered":"https:\/\/akupunkturpraxis-dorisarn.ch\/?page_id=81"},"modified":"2023-05-07T15:21:55","modified_gmt":"2023-05-07T14:21:55","slug":"anwendungen","status":"publish","type":"page","link":"https:\/\/akupunkturpraxis-dorisarn.ch\/?page_id=81","title":{"rendered":"Anwendungen"},"content":{"rendered":"\n<div style=\"height:40px\" aria-hidden=\"true\" class=\"wp-block-spacer\"><\/div>\n\n\n\n<h4 class=\"wp-block-heading has-text-align-center\">Anwendungen<\/h4>\n\n\n\n<div class=\"wp-block-columns is-layout-flex wp-container-core-columns-is-layout-28f84493 wp-block-columns-is-layout-flex\">\n<div class=\"wp-block-column is-layout-flow wp-block-column-is-layout-flow\" style=\"flex-basis:66.66%\">\n<ul class=\"wp-block-list\">\n<li>Stressbew\u00e4ltigung, Krisenbegleitung<\/li>\n\n\n\n<li>Ersch\u00f6pfung, M\u00fcdigkeit, Immunschw\u00e4che, Post-und Longcovid<\/li>\n\n\n\n<li>Depressionen<\/li>\n\n\n\n<li>Ged\u00e4chtnis-und Konzentrationsschw\u00e4che<\/li>\n\n\n\n<li>Schlafst\u00f6rungen<\/li>\n\n\n\n<li>Kopfschmerzen, Migr\u00e4ne, Chronische Sinusitis<\/li>\n\n\n\n<li>Atembeschwerden, Pollenallergie<\/li>\n\n\n\n<li>Verdauungsst\u00f6rungen, Nahrungsmittelunvertr\u00e4glichkeit<\/li>\n\n\n\n<li>Muskel-und Gelenkschmerzen<\/li>\n\n\n\n<li>Medikamentenunvertr\u00e4glichkeit<\/li>\n\n\n\n<li>Begleittherapie bei Chronischen Erkrankungen wie Diabetes, Hypertonie, Krebs, Schilddr\u00fcsenfunktionsst\u00f6rungen usw.<\/li>\n\n\n\n<li>Gesundheitserhaltend, Entgiften, Immunsystem St\u00e4rken, Anti-Aging<\/li>\n<\/ul>\n<\/div>\n\n\n\n<div class=\"wp-block-column is-layout-flow wp-block-column-is-layout-flow\" style=\"flex-basis:33.33%\">\n<figure class=\"wp-block-image aligncenter size-large is-resized\"><img loading=\"lazy\" decoding=\"async\" src=\"https:\/\/akupunkturpraxis-dorisarn.ch\/wp-content\/uploads\/2023\/04\/Buddha-1-608x1024.jpg\" alt=\"\" class=\"wp-image-250\" width=\"198\" height=\"333\" srcset=\"https:\/\/akupunkturpraxis-dorisarn.ch\/wp-content\/uploads\/2023\/04\/Buddha-1-608x1024.jpg 608w, https:\/\/akupunkturpraxis-dorisarn.ch\/wp-content\/uploads\/2023\/04\/Buddha-1-178x300.jpg 178w, https:\/\/akupunkturpraxis-dorisarn.ch\/wp-content\/uploads\/2023\/04\/Buddha-1-768x1293.jpg 768w, https:\/\/akupunkturpraxis-dorisarn.ch\/wp-content\/uploads\/2023\/04\/Buddha-1-912x1536.jpg 912w, https:\/\/akupunkturpraxis-dorisarn.ch\/wp-content\/uploads\/2023\/04\/Buddha-1-1216x2048.jpg 1216w, https:\/\/akupunkturpraxis-dorisarn.ch\/wp-content\/uploads\/2023\/04\/Buddha-1-scaled.jpg 1520w\" sizes=\"auto, (max-width: 198px) 100vw, 198px\" \/><\/figure>\n<\/div>\n<\/div>\n\n\n\n<div style=\"height:40px\" aria-hidden=\"true\" class=\"wp-block-spacer\"><\/div>\n\n\n\n<p><\/p>\n","protected":false},"excerpt":{"rendered":"<p>Anwendungen<\/p>\n","protected":false},"author":1,"featured_media":0,"parent":0,"menu_order":0,"comment_status":"closed","ping_status":"closed","template":"","meta":{"site-sidebar-layout":"default","site-content-layout":"","ast-site-content-layout":"","site-content-style":"default","site-sidebar-style":"default","ast-global-header-display":"","ast-banner-title-visibility":"","ast-main-header-display":"","ast-hfb-above-header-display":"","ast-hfb-below-header-display":"","ast-hfb-mobile-header-display":"","site-post-title":"disabled","ast-breadcrumbs-content":"","ast-featured-img":"","footer-sml-layout":"","theme-transparent-header-meta":"","adv-header-id-meta":"","stick-header-meta":"","header-above-stick-meta":"","header-main-stick-meta":"","header-below-stick-meta":"","astra-migrate-meta-layouts":"default","ast-page-background-enabled":"default","ast-page-background-meta":{"desktop":{"background-color":"var(--ast-global-color-4)","background-image":"","background-repeat":"repeat","background-position":"center center","background-size":"auto","background-attachment":"scroll","background-type":"","background-media":"","overlay-type":"","overlay-color":"","overlay-opacity":"","overlay-gradient":""},"tablet":{"background-color":"","background-image":"","background-repeat":"repeat","background-position":"center center","background-size":"auto","background-attachment":"scroll","background-type":"","background-media":"","overlay-type":"","overlay-color":"","overlay-opacity":"","overlay-gradient":""},"mobile":{"background-color":"","background-image":"","background-repeat":"repeat","background-position":"center center","background-size":"auto","background-attachment":"scroll","background-type":"","background-media":"","overlay-type":"","overlay-color":"","overlay-opacity":"","overlay-gradient":""}},"ast-content-background-meta":{"desktop":{"background-color":"var(--ast-global-color-5)","background-image":"","background-repeat":"repeat","background-position":"center center","background-size":"auto","background-attachment":"scroll","background-type":"","background-media":"","overlay-type":"","overlay-color":"","overlay-opacity":"","overlay-gradient":""},"tablet":{"background-color":"var(--ast-global-color-5)","background-image":"","background-repeat":"repeat","background-position":"center center","background-size":"auto","background-attachment":"scroll","background-type":"","background-media":"","overlay-type":"","overlay-color":"","overlay-opacity":"","overlay-gradient":""},"mobile":{"background-color":"var(--ast-global-color-5)","background-image":"","background-repeat":"repeat","background-position":"center center","background-size":"auto","background-attachment":"scroll","background-type":"","background-media":"","overlay-type":"","overlay-color":"","overlay-opacity":"","overlay-gradient":""}},"footnotes":""},"class_list":["post-81","page","type-page","status-publish","hentry"],"_links":{"self":[{"href":"https:\/\/akupunkturpraxis-dorisarn.ch\/index.php?rest_route=\/wp\/v2\/pages\/81","targetHints":{"allow":["GET"]}}],"collection":[{"href":"https:\/\/akupunkturpraxis-dorisarn.ch\/index.php?rest_route=\/wp\/v2\/pages"}],"about":[{"href":"https:\/\/akupunkturpraxis-dorisarn.ch\/index.php?rest_route=\/wp\/v2\/types\/page"}],"author":[{"embeddable":true,"href":"https:\/\/akupunkturpraxis-dorisarn.ch\/index.php?rest_route=\/wp\/v2\/users\/1"}],"replies":[{"embeddable":true,"href":"https:\/\/akupunkturpraxis-dorisarn.ch\/index.php?rest_route=%2Fwp%2Fv2%2Fcomments&post=81"}],"version-history":[{"count":11,"href":"https:\/\/akupunkturpraxis-dorisarn.ch\/index.php?rest_route=\/wp\/v2\/pages\/81\/revisions"}],"predecessor-version":[{"id":522,"href":"https:\/\/akupunkturpraxis-dorisarn.ch\/index.php?rest_route=\/wp\/v2\/pages\/81\/revisions\/522"}],"wp:attachment":[{"href":"https:\/\/akupunkturpraxis-dorisarn.ch\/index.php?rest_route=%2Fwp%2Fv2%2Fmedia&parent=81"}],"curies":[{"name":"wp","href":"https:\/\/api.w.org\/{rel}","templated":true}]}}