{"id":9,"date":"2023-04-21T10:47:01","date_gmt":"2023-04-21T10:47:01","guid":{"rendered":"https:\/\/akupunkturpraxis-dorisarn.ch\/?page_id=9"},"modified":"2025-05-22T16:33:27","modified_gmt":"2025-05-22T15:33:27","slug":"uber-mich","status":"publish","type":"page","link":"https:\/\/akupunkturpraxis-dorisarn.ch\/?page_id=9","title":{"rendered":"\u00dcber mich"},"content":{"rendered":"\n<div style=\"height:40px\" aria-hidden=\"true\" class=\"wp-block-spacer\"><\/div>\n\n\n\n<h4 class=\"wp-block-heading has-text-align-center\">\u00dcber mich<\/h4>\n\n\n\n<div class=\"wp-block-columns is-layout-flex wp-container-core-columns-is-layout-28f84493 wp-block-columns-is-layout-flex\">\n<div class=\"wp-block-column is-layout-flow wp-block-column-is-layout-flow\" style=\"flex-basis:33.33%\">\n<figure class=\"wp-block-image aligncenter size-full is-resized\"><img loading=\"lazy\" decoding=\"async\" width=\"504\" height=\"523\" src=\"https:\/\/akupunkturpraxis-dorisarn.ch\/wp-content\/uploads\/2023\/04\/Doris-Arn.jpg\" alt=\"\" class=\"wp-image-127\" style=\"width:272px;height:281px\" srcset=\"https:\/\/akupunkturpraxis-dorisarn.ch\/wp-content\/uploads\/2023\/04\/Doris-Arn.jpg 504w, https:\/\/akupunkturpraxis-dorisarn.ch\/wp-content\/uploads\/2023\/04\/Doris-Arn-289x300.jpg 289w\" sizes=\"auto, (max-width: 504px) 100vw, 504px\" \/><\/figure>\n<\/div>\n\n\n\n<div class=\"wp-block-column is-layout-flow wp-block-column-is-layout-flow\" style=\"flex-basis:66.66%\">\n<p><strong>Doris Arn<\/strong><\/p>\n\n\n\n<p>TCM-Therapeutin Schwerpunkt Akupunktur mit Zertifikat OdA AM<\/p>\n\n\n\n<p>Als ich vor 25 Jahren in einer Hausarztpraxis mit Komplement\u00e4rmedizin die Akupunktur entdeckt habe, wusste ich sofort, ich m\u00f6chte eine Ausbildung machen, um chronischen Schmerzpatienten Erleichterung zu verschaffen.<\/p>\n\n\n\n<p>\u00dcber die Jahre, hat mich immer wieder die Wirksamkeit dieser Methode in vielerlei Krankheitsgeschehen fasziniert. Sei es, als selbst\u00e4ndige Akupunkteurin oder als angestellte Medizinische Praxisassistentin. Mein Repertoire hat sich seither erweitert und ich behandle oder berate Interessierte sowie Patienten in vielerlei Bereichen, auch gesundheitserhaltend.<\/p>\n\n\n\n<p>Der Reichtum an Therapie-und Ansatzm\u00f6glichkeiten in der Traditionellen Chinesischen Medizin sind sehr vielf\u00e4ltig und kommen in meinen Behandlungspl\u00e4nen auf verschiedene Art und Weise zum Einsatz.<\/p>\n\n\n\n<p>Akupunktur &#8211; Akupressur &#8211; Ohrakupunktur &#8211; Schr\u00f6pfen &#8211; Moxibustion &#8211; Tuina &#8211; Qi Gong &#8211; Ern\u00e4hrung<\/p>\n\n\n\n<p>Andere Alternativmedizinische Empfehlungen:<\/p>\n\n\n\n<p>Pflanzliche Urtinkturen, Vitalpilze, Nahrungserg\u00e4nzungsmittel<\/p>\n\n\n\n<p>Ganzheitliche Therapieans\u00e4tze sind f\u00fcr mich selbstverst\u00e4ndlich und werden immer individuell angepasst. Im Fokus sind die Ursachen &#8211; die Wirkung &#8211; und die Selbstheilungskr\u00e4fte. Gerne arbeite ich mit der Schulmedizin zusammen und sie wird entsprechend ins Konzept eingebunden.<\/p>\n\n\n\n<div class=\"wp-block-columns is-layout-flex wp-container-core-columns-is-layout-28f84493 wp-block-columns-is-layout-flex\">\n<div class=\"wp-block-column is-layout-flow wp-block-column-is-layout-flow\">\n<p><a href=\"https:\/\/akupunkturpraxis-dorisarn.ch\/?page_id=200\" data-type=\"page\" data-id=\"200\">Lebenslauf<\/a><\/p>\n<\/div>\n\n\n\n<div class=\"wp-block-column is-layout-flow wp-block-column-is-layout-flow\">\n<p><a href=\"https:\/\/akupunkturpraxis-dorisarn.ch\/?page_id=202\" data-type=\"page\" data-id=\"202\">TCM-Weiterbildungen<\/a><\/p>\n<\/div>\n<\/div>\n<\/div>\n<\/div>\n","protected":false},"excerpt":{"rendered":"<p>\u00dcber mich Doris Arn TCM-Therapeutin Schwerpunkt Akupunktur mit Zertifikat OdA AM Als ich vor 25 Jahren in einer Hausarztpraxis mit Komplement\u00e4rmedizin die Akupunktur entdeckt habe, wusste ich sofort, ich m\u00f6chte eine Ausbildung machen, um chronischen Schmerzpatienten Erleichterung zu verschaffen. \u00dcber die Jahre, hat mich immer wieder die Wirksamkeit dieser Methode in vielerlei Krankheitsgeschehen fasziniert. Sei [&hellip;]<\/p>\n","protected":false},"author":1,"featured_media":0,"parent":0,"menu_order":0,"comment_status":"closed","ping_status":"closed","template":"","meta":{"site-sidebar-layout":"default","site-content-layout":"","ast-site-content-layout":"","site-content-style":"default","site-sidebar-style":"default","ast-global-header-display":"","ast-banner-title-visibility":"","ast-main-header-display":"","ast-hfb-above-header-display":"","ast-hfb-below-header-display":"","ast-hfb-mobile-header-display":"","site-post-title":"disabled","ast-breadcrumbs-content":"","ast-featured-img":"","footer-sml-layout":"","theme-transparent-header-meta":"","adv-header-id-meta":"","stick-header-meta":"","header-above-stick-meta":"","header-main-stick-meta":"","header-below-stick-meta":"","astra-migrate-meta-layouts":"default","ast-page-background-enabled":"default","ast-page-background-meta":{"desktop":{"background-color":"var(--ast-global-color-4)","background-image":"","background-repeat":"repeat","background-position":"center center","background-size":"auto","background-attachment":"scroll","background-type":"","background-media":"","overlay-type":"","overlay-color":"","overlay-opacity":"","overlay-gradient":""},"tablet":{"background-color":"","background-image":"","background-repeat":"repeat","background-position":"center center","background-size":"auto","background-attachment":"scroll","background-type":"","background-media":"","overlay-type":"","overlay-color":"","overlay-opacity":"","overlay-gradient":""},"mobile":{"background-color":"","background-image":"","background-repeat":"repeat","background-position":"center center","background-size":"auto","background-attachment":"scroll","background-type":"","background-media":"","overlay-type":"","overlay-color":"","overlay-opacity":"","overlay-gradient":""}},"ast-content-background-meta":{"desktop":{"background-color":"var(--ast-global-color-5)","background-image":"","background-repeat":"repeat","background-position":"center center","background-size":"auto","background-attachment":"scroll","background-type":"","background-media":"","overlay-type":"","overlay-color":"","overlay-opacity":"","overlay-gradient":""},"tablet":{"background-color":"var(--ast-global-color-5)","background-image":"","background-repeat":"repeat","background-position":"center center","background-size":"auto","background-attachment":"scroll","background-type":"","background-media":"","overlay-type":"","overlay-color":"","overlay-opacity":"","overlay-gradient":""},"mobile":{"background-color":"var(--ast-global-color-5)","background-image":"","background-repeat":"repeat","background-position":"center center","background-size":"auto","background-attachment":"scroll","background-type":"","background-media":"","overlay-type":"","overlay-color":"","overlay-opacity":"","overlay-gradient":""}},"footnotes":""},"class_list":["post-9","page","type-page","status-publish","hentry"],"_links":{"self":[{"href":"https:\/\/akupunkturpraxis-dorisarn.ch\/index.php?rest_route=\/wp\/v2\/pages\/9","targetHints":{"allow":["GET"]}}],"collection":[{"href":"https:\/\/akupunkturpraxis-dorisarn.ch\/index.php?rest_route=\/wp\/v2\/pages"}],"about":[{"href":"https:\/\/akupunkturpraxis-dorisarn.ch\/index.php?rest_route=\/wp\/v2\/types\/page"}],"author":[{"embeddable":true,"href":"https:\/\/akupunkturpraxis-dorisarn.ch\/index.php?rest_route=\/wp\/v2\/users\/1"}],"replies":[{"embeddable":true,"href":"https:\/\/akupunkturpraxis-dorisarn.ch\/index.php?rest_route=%2Fwp%2Fv2%2Fcomments&post=9"}],"version-history":[{"count":23,"href":"https:\/\/akupunkturpraxis-dorisarn.ch\/index.php?rest_route=\/wp\/v2\/pages\/9\/revisions"}],"predecessor-version":[{"id":646,"href":"https:\/\/akupunkturpraxis-dorisarn.ch\/index.php?rest_route=\/wp\/v2\/pages\/9\/revisions\/646"}],"wp:attachment":[{"href":"https:\/\/akupunkturpraxis-dorisarn.ch\/index.php?rest_route=%2Fwp%2Fv2%2Fmedia&parent=9"}],"curies":[{"name":"wp","href":"https:\/\/api.w.org\/{rel}","templated":true}]}}