{"id":90,"date":"2023-04-25T07:07:57","date_gmt":"2023-04-25T06:07:57","guid":{"rendered":"https:\/\/akupunkturpraxis-dorisarn.ch\/?page_id=90"},"modified":"2023-05-07T15:24:24","modified_gmt":"2023-05-07T14:24:24","slug":"schroepfen","status":"publish","type":"page","link":"https:\/\/akupunkturpraxis-dorisarn.ch\/?page_id=90","title":{"rendered":"Schr\u00f6pfen"},"content":{"rendered":"\n<div style=\"height:40px\" aria-hidden=\"true\" class=\"wp-block-spacer\"><\/div>\n\n\n\n<h4 class=\"wp-block-heading has-text-align-center\">Schr\u00f6pfen<\/h4>\n\n\n\n<div class=\"wp-block-columns is-layout-flex wp-container-core-columns-is-layout-28f84493 wp-block-columns-is-layout-flex\">\n<div class=\"wp-block-column is-layout-flow wp-block-column-is-layout-flow\" style=\"flex-basis:66.66%\">\n<p>Die Glasapplikation wird auf verspannten Muskeln, auf Triggerpunkten oder auf Akupunkturpunkten angewendet, um Blockaden zu l\u00f6sen, Funktionen zu unterst\u00fctzen, die Blutzirkulation anzuregen, die Selbstheilungskr\u00e4fte zu aktivieren, zu entgiften oder das Immunsystem zu st\u00e4rken.<\/p>\n<\/div>\n\n\n\n<div class=\"wp-block-column is-layout-flow wp-block-column-is-layout-flow\" style=\"flex-basis:33.33%\">\n<figure class=\"wp-block-image aligncenter size-full is-resized is-style-default\"><img loading=\"lazy\" decoding=\"async\" src=\"https:\/\/akupunkturpraxis-dorisarn.ch\/wp-content\/uploads\/2023\/05\/Foto-Schroepfen-neu2.jpg\" alt=\"\" class=\"wp-image-351\" width=\"445\" height=\"288\" srcset=\"https:\/\/akupunkturpraxis-dorisarn.ch\/wp-content\/uploads\/2023\/05\/Foto-Schroepfen-neu2.jpg 699w, https:\/\/akupunkturpraxis-dorisarn.ch\/wp-content\/uploads\/2023\/05\/Foto-Schroepfen-neu2-300x194.jpg 300w\" sizes=\"auto, (max-width: 445px) 100vw, 445px\" \/><\/figure>\n<\/div>\n<\/div>\n","protected":false},"excerpt":{"rendered":"<p>Schr\u00f6pfen Die Glasapplikation wird auf verspannten Muskeln, auf Triggerpunkten oder auf Akupunkturpunkten angewendet, um Blockaden zu l\u00f6sen, Funktionen zu unterst\u00fctzen, die Blutzirkulation anzuregen, die Selbstheilungskr\u00e4fte zu aktivieren, zu entgiften oder das Immunsystem zu st\u00e4rken.<\/p>\n","protected":false},"author":1,"featured_media":0,"parent":0,"menu_order":0,"comment_status":"closed","ping_status":"closed","template":"","meta":{"site-sidebar-layout":"default","site-content-layout":"","ast-site-content-layout":"","site-content-style":"default","site-sidebar-style":"default","ast-global-header-display":"","ast-banner-title-visibility":"","ast-main-header-display":"","ast-hfb-above-header-display":"","ast-hfb-below-header-display":"","ast-hfb-mobile-header-display":"","site-post-title":"disabled","ast-breadcrumbs-content":"","ast-featured-img":"","footer-sml-layout":"","theme-transparent-header-meta":"","adv-header-id-meta":"","stick-header-meta":"","header-above-stick-meta":"","header-main-stick-meta":"","header-below-stick-meta":"","astra-migrate-meta-layouts":"default","ast-page-background-enabled":"default","ast-page-background-meta":{"desktop":{"background-color":"var(--ast-global-color-4)","background-image":"","background-repeat":"repeat","background-position":"center center","background-size":"auto","background-attachment":"scroll","background-type":"","background-media":"","overlay-type":"","overlay-color":"","overlay-opacity":"","overlay-gradient":""},"tablet":{"background-color":"","background-image":"","background-repeat":"repeat","background-position":"center center","background-size":"auto","background-attachment":"scroll","background-type":"","background-media":"","overlay-type":"","overlay-color":"","overlay-opacity":"","overlay-gradient":""},"mobile":{"background-color":"","background-image":"","background-repeat":"repeat","background-position":"center center","background-size":"auto","background-attachment":"scroll","background-type":"","background-media":"","overlay-type":"","overlay-color":"","overlay-opacity":"","overlay-gradient":""}},"ast-content-background-meta":{"desktop":{"background-color":"var(--ast-global-color-5)","background-image":"","background-repeat":"repeat","background-position":"center center","background-size":"auto","background-attachment":"scroll","background-type":"","background-media":"","overlay-type":"","overlay-color":"","overlay-opacity":"","overlay-gradient":""},"tablet":{"background-color":"var(--ast-global-color-5)","background-image":"","background-repeat":"repeat","background-position":"center center","background-size":"auto","background-attachment":"scroll","background-type":"","background-media":"","overlay-type":"","overlay-color":"","overlay-opacity":"","overlay-gradient":""},"mobile":{"background-color":"var(--ast-global-color-5)","background-image":"","background-repeat":"repeat","background-position":"center center","background-size":"auto","background-attachment":"scroll","background-type":"","background-media":"","overlay-type":"","overlay-color":"","overlay-opacity":"","overlay-gradient":""}},"footnotes":""},"class_list":["post-90","page","type-page","status-publish","hentry"],"_links":{"self":[{"href":"https:\/\/akupunkturpraxis-dorisarn.ch\/index.php?rest_route=\/wp\/v2\/pages\/90","targetHints":{"allow":["GET"]}}],"collection":[{"href":"https:\/\/akupunkturpraxis-dorisarn.ch\/index.php?rest_route=\/wp\/v2\/pages"}],"about":[{"href":"https:\/\/akupunkturpraxis-dorisarn.ch\/index.php?rest_route=\/wp\/v2\/types\/page"}],"author":[{"embeddable":true,"href":"https:\/\/akupunkturpraxis-dorisarn.ch\/index.php?rest_route=\/wp\/v2\/users\/1"}],"replies":[{"embeddable":true,"href":"https:\/\/akupunkturpraxis-dorisarn.ch\/index.php?rest_route=%2Fwp%2Fv2%2Fcomments&post=90"}],"version-history":[{"count":15,"href":"https:\/\/akupunkturpraxis-dorisarn.ch\/index.php?rest_route=\/wp\/v2\/pages\/90\/revisions"}],"predecessor-version":[{"id":532,"href":"https:\/\/akupunkturpraxis-dorisarn.ch\/index.php?rest_route=\/wp\/v2\/pages\/90\/revisions\/532"}],"wp:attachment":[{"href":"https:\/\/akupunkturpraxis-dorisarn.ch\/index.php?rest_route=%2Fwp%2Fv2%2Fmedia&parent=90"}],"curies":[{"name":"wp","href":"https:\/\/api.w.org\/{rel}","templated":true}]}}