{"id":92,"date":"2023-04-25T07:08:11","date_gmt":"2023-04-25T06:08:11","guid":{"rendered":"https:\/\/akupunkturpraxis-dorisarn.ch\/?page_id=92"},"modified":"2023-05-07T15:27:04","modified_gmt":"2023-05-07T14:27:04","slug":"moxibustion","status":"publish","type":"page","link":"https:\/\/akupunkturpraxis-dorisarn.ch\/?page_id=92","title":{"rendered":"Moxibustion"},"content":{"rendered":"\n<div style=\"height:40px\" aria-hidden=\"true\" class=\"wp-block-spacer\"><\/div>\n\n\n\n<h4 class=\"wp-block-heading has-text-align-center\">Moxibustion<\/h4>\n\n\n\n<div class=\"wp-block-columns is-layout-flex wp-container-core-columns-is-layout-28f84493 wp-block-columns-is-layout-flex\">\n<div class=\"wp-block-column is-layout-flow wp-block-column-is-layout-flow\" style=\"flex-basis:66.66%\">\n<p>Bei der Moxibustion <strong>wird getrockneter Beifuss verwendet, der entweder zu Zigarren oder sogenannten Moxakegeln verarbeitet wird<\/strong>. Die angez\u00fcndete Moxa-Zigarre oder das Moxakistchen wird in einem Abstand von 3-6 cm \u00fcber den ausgew\u00e4hlten Akupunkturpunkt gehalten, wodurch sich der Akupunkturpunkt erw\u00e4rmt und angeregt werden kann. Anwendung bei k\u00e4lteinduzierten Beschwerden oder Mangelzust\u00e4nde.<\/p>\n<\/div>\n\n\n\n<div class=\"wp-block-column is-layout-flow wp-block-column-is-layout-flow\" style=\"flex-basis:33.33%\">\n<figure class=\"wp-block-image aligncenter size-full\"><img loading=\"lazy\" decoding=\"async\" width=\"275\" height=\"183\" src=\"https:\/\/akupunkturpraxis-dorisarn.ch\/wp-content\/uploads\/2023\/04\/3-1.jpg\" alt=\"\" class=\"wp-image-136\"\/><\/figure>\n<\/div>\n<\/div>\n\n\n\n<figure class=\"wp-block-image aligncenter size-full\"><img loading=\"lazy\" decoding=\"async\" width=\"275\" height=\"183\" src=\"https:\/\/akupunkturpraxis-dorisarn.ch\/wp-content\/uploads\/2023\/04\/4.jpg\" alt=\"\" class=\"wp-image-137\"\/><\/figure>\n","protected":false},"excerpt":{"rendered":"<p>Moxibustion Bei der Moxibustion wird getrockneter Beifuss verwendet, der entweder zu Zigarren oder sogenannten Moxakegeln verarbeitet wird. Die angez\u00fcndete Moxa-Zigarre oder das Moxakistchen wird in einem Abstand von 3-6 cm \u00fcber den ausgew\u00e4hlten Akupunkturpunkt gehalten, wodurch sich der Akupunkturpunkt erw\u00e4rmt und angeregt werden kann. Anwendung bei k\u00e4lteinduzierten Beschwerden oder Mangelzust\u00e4nde.<\/p>\n","protected":false},"author":1,"featured_media":0,"parent":0,"menu_order":0,"comment_status":"closed","ping_status":"closed","template":"","meta":{"site-sidebar-layout":"default","site-content-layout":"","ast-site-content-layout":"","site-content-style":"default","site-sidebar-style":"default","ast-global-header-display":"","ast-banner-title-visibility":"","ast-main-header-display":"","ast-hfb-above-header-display":"","ast-hfb-below-header-display":"","ast-hfb-mobile-header-display":"","site-post-title":"disabled","ast-breadcrumbs-content":"","ast-featured-img":"","footer-sml-layout":"","theme-transparent-header-meta":"","adv-header-id-meta":"","stick-header-meta":"","header-above-stick-meta":"","header-main-stick-meta":"","header-below-stick-meta":"","astra-migrate-meta-layouts":"default","ast-page-background-enabled":"default","ast-page-background-meta":{"desktop":{"background-color":"var(--ast-global-color-4)","background-image":"","background-repeat":"repeat","background-position":"center center","background-size":"auto","background-attachment":"scroll","background-type":"","background-media":"","overlay-type":"","overlay-color":"","overlay-opacity":"","overlay-gradient":""},"tablet":{"background-color":"","background-image":"","background-repeat":"repeat","background-position":"center center","background-size":"auto","background-attachment":"scroll","background-type":"","background-media":"","overlay-type":"","overlay-color":"","overlay-opacity":"","overlay-gradient":""},"mobile":{"background-color":"","background-image":"","background-repeat":"repeat","background-position":"center center","background-size":"auto","background-attachment":"scroll","background-type":"","background-media":"","overlay-type":"","overlay-color":"","overlay-opacity":"","overlay-gradient":""}},"ast-content-background-meta":{"desktop":{"background-color":"var(--ast-global-color-5)","background-image":"","background-repeat":"repeat","background-position":"center center","background-size":"auto","background-attachment":"scroll","background-type":"","background-media":"","overlay-type":"","overlay-color":"","overlay-opacity":"","overlay-gradient":""},"tablet":{"background-color":"var(--ast-global-color-5)","background-image":"","background-repeat":"repeat","background-position":"center center","background-size":"auto","background-attachment":"scroll","background-type":"","background-media":"","overlay-type":"","overlay-color":"","overlay-opacity":"","overlay-gradient":""},"mobile":{"background-color":"var(--ast-global-color-5)","background-image":"","background-repeat":"repeat","background-position":"center center","background-size":"auto","background-attachment":"scroll","background-type":"","background-media":"","overlay-type":"","overlay-color":"","overlay-opacity":"","overlay-gradient":""}},"footnotes":""},"class_list":["post-92","page","type-page","status-publish","hentry"],"_links":{"self":[{"href":"https:\/\/akupunkturpraxis-dorisarn.ch\/index.php?rest_route=\/wp\/v2\/pages\/92","targetHints":{"allow":["GET"]}}],"collection":[{"href":"https:\/\/akupunkturpraxis-dorisarn.ch\/index.php?rest_route=\/wp\/v2\/pages"}],"about":[{"href":"https:\/\/akupunkturpraxis-dorisarn.ch\/index.php?rest_route=\/wp\/v2\/types\/page"}],"author":[{"embeddable":true,"href":"https:\/\/akupunkturpraxis-dorisarn.ch\/index.php?rest_route=\/wp\/v2\/users\/1"}],"replies":[{"embeddable":true,"href":"https:\/\/akupunkturpraxis-dorisarn.ch\/index.php?rest_route=%2Fwp%2Fv2%2Fcomments&post=92"}],"version-history":[{"count":13,"href":"https:\/\/akupunkturpraxis-dorisarn.ch\/index.php?rest_route=\/wp\/v2\/pages\/92\/revisions"}],"predecessor-version":[{"id":537,"href":"https:\/\/akupunkturpraxis-dorisarn.ch\/index.php?rest_route=\/wp\/v2\/pages\/92\/revisions\/537"}],"wp:attachment":[{"href":"https:\/\/akupunkturpraxis-dorisarn.ch\/index.php?rest_route=%2Fwp%2Fv2%2Fmedia&parent=92"}],"curies":[{"name":"wp","href":"https:\/\/api.w.org\/{rel}","templated":true}]}}