{"id":96,"date":"2023-04-25T07:08:33","date_gmt":"2023-04-25T06:08:33","guid":{"rendered":"https:\/\/akupunkturpraxis-dorisarn.ch\/?page_id=96"},"modified":"2023-05-08T09:45:01","modified_gmt":"2023-05-08T08:45:01","slug":"ohrakupunktur","status":"publish","type":"page","link":"https:\/\/akupunkturpraxis-dorisarn.ch\/?page_id=96","title":{"rendered":"Ohrakupunktur"},"content":{"rendered":"\n<div style=\"height:40px\" aria-hidden=\"true\" class=\"wp-block-spacer\"><\/div>\n\n\n\n<h4 class=\"wp-block-heading has-text-align-center\">Ohrakupunktur<\/h4>\n\n\n\n<div class=\"wp-block-columns is-layout-flex wp-container-core-columns-is-layout-28f84493 wp-block-columns-is-layout-flex\">\n<div class=\"wp-block-column is-layout-flow wp-block-column-is-layout-flow\" style=\"flex-basis:66.66%\">\n<p>Die Ohrakupunktur ist eine Diagnose- und Therapieform mit langer Tradition. Ihre Wurzeln reichen zur\u00fcck bis ins Altertum zu Hippokrates (5. Jh. v. Chr.). Hinweise auf die Ohrakupunktur finden sich auch in 2000 Jahre alten chinesischen Schriften oder im alten \u00c4gypten. Und sogar die Piraten fr\u00fcherer Zeiten kannten Einfluss und Wirkung bestimmter Punkte am Ohr auf den K\u00f6rper: Ihre markanten goldenen Ohrringe wurden durch den \u201eAugenpunkt\u201c gestochen, der die Sehkraft verbessern soll.<\/p>\n\n\n\n<p>Sie wird angewendet bei Suchttherapien wie Raucherentw\u00f6hnung, psychosomatischen Beschwerden, Schmerztherapie etc.<\/p>\n<\/div>\n\n\n\n<div class=\"wp-block-column is-layout-flow wp-block-column-is-layout-flow\" style=\"flex-basis:33.33%\">\n<figure class=\"wp-block-image aligncenter size-full\"><img loading=\"lazy\" decoding=\"async\" width=\"280\" height=\"180\" src=\"https:\/\/akupunkturpraxis-dorisarn.ch\/wp-content\/uploads\/2023\/04\/6.jpg\" alt=\"\" class=\"wp-image-142\"\/><\/figure>\n<\/div>\n<\/div>\n","protected":false},"excerpt":{"rendered":"<p>Ohrakupunktur Die Ohrakupunktur ist eine Diagnose- und Therapieform mit langer Tradition. Ihre Wurzeln reichen zur\u00fcck bis ins Altertum zu Hippokrates (5. Jh. v. Chr.). Hinweise auf die Ohrakupunktur finden sich auch in 2000 Jahre alten chinesischen Schriften oder im alten \u00c4gypten. Und sogar die Piraten fr\u00fcherer Zeiten kannten Einfluss und Wirkung bestimmter Punkte am Ohr [&hellip;]<\/p>\n","protected":false},"author":1,"featured_media":0,"parent":0,"menu_order":0,"comment_status":"closed","ping_status":"closed","template":"","meta":{"site-sidebar-layout":"default","site-content-layout":"","ast-site-content-layout":"","site-content-style":"default","site-sidebar-style":"default","ast-global-header-display":"","ast-banner-title-visibility":"","ast-main-header-display":"","ast-hfb-above-header-display":"","ast-hfb-below-header-display":"","ast-hfb-mobile-header-display":"","site-post-title":"disabled","ast-breadcrumbs-content":"","ast-featured-img":"","footer-sml-layout":"","theme-transparent-header-meta":"","adv-header-id-meta":"","stick-header-meta":"","header-above-stick-meta":"","header-main-stick-meta":"","header-below-stick-meta":"","astra-migrate-meta-layouts":"default","ast-page-background-enabled":"default","ast-page-background-meta":{"desktop":{"background-color":"var(--ast-global-color-4)","background-image":"","background-repeat":"repeat","background-position":"center center","background-size":"auto","background-attachment":"scroll","background-type":"","background-media":"","overlay-type":"","overlay-color":"","overlay-opacity":"","overlay-gradient":""},"tablet":{"background-color":"","background-image":"","background-repeat":"repeat","background-position":"center center","background-size":"auto","background-attachment":"scroll","background-type":"","background-media":"","overlay-type":"","overlay-color":"","overlay-opacity":"","overlay-gradient":""},"mobile":{"background-color":"","background-image":"","background-repeat":"repeat","background-position":"center center","background-size":"auto","background-attachment":"scroll","background-type":"","background-media":"","overlay-type":"","overlay-color":"","overlay-opacity":"","overlay-gradient":""}},"ast-content-background-meta":{"desktop":{"background-color":"var(--ast-global-color-5)","background-image":"","background-repeat":"repeat","background-position":"center center","background-size":"auto","background-attachment":"scroll","background-type":"","background-media":"","overlay-type":"","overlay-color":"","overlay-opacity":"","overlay-gradient":""},"tablet":{"background-color":"var(--ast-global-color-5)","background-image":"","background-repeat":"repeat","background-position":"center center","background-size":"auto","background-attachment":"scroll","background-type":"","background-media":"","overlay-type":"","overlay-color":"","overlay-opacity":"","overlay-gradient":""},"mobile":{"background-color":"var(--ast-global-color-5)","background-image":"","background-repeat":"repeat","background-position":"center center","background-size":"auto","background-attachment":"scroll","background-type":"","background-media":"","overlay-type":"","overlay-color":"","overlay-opacity":"","overlay-gradient":""}},"footnotes":""},"class_list":["post-96","page","type-page","status-publish","hentry"],"_links":{"self":[{"href":"https:\/\/akupunkturpraxis-dorisarn.ch\/index.php?rest_route=\/wp\/v2\/pages\/96","targetHints":{"allow":["GET"]}}],"collection":[{"href":"https:\/\/akupunkturpraxis-dorisarn.ch\/index.php?rest_route=\/wp\/v2\/pages"}],"about":[{"href":"https:\/\/akupunkturpraxis-dorisarn.ch\/index.php?rest_route=\/wp\/v2\/types\/page"}],"author":[{"embeddable":true,"href":"https:\/\/akupunkturpraxis-dorisarn.ch\/index.php?rest_route=\/wp\/v2\/users\/1"}],"replies":[{"embeddable":true,"href":"https:\/\/akupunkturpraxis-dorisarn.ch\/index.php?rest_route=%2Fwp%2Fv2%2Fcomments&post=96"}],"version-history":[{"count":11,"href":"https:\/\/akupunkturpraxis-dorisarn.ch\/index.php?rest_route=\/wp\/v2\/pages\/96\/revisions"}],"predecessor-version":[{"id":547,"href":"https:\/\/akupunkturpraxis-dorisarn.ch\/index.php?rest_route=\/wp\/v2\/pages\/96\/revisions\/547"}],"wp:attachment":[{"href":"https:\/\/akupunkturpraxis-dorisarn.ch\/index.php?rest_route=%2Fwp%2Fv2%2Fmedia&parent=96"}],"curies":[{"name":"wp","href":"https:\/\/api.w.org\/{rel}","templated":true}]}}